{"id":77,"date":"2026-03-23T09:43:03","date_gmt":"2026-03-23T08:43:03","guid":{"rendered":"http:\/\/jorritabrahams.nl\/starhotel-wp\/?page_id=77"},"modified":"2026-03-23T10:35:22","modified_gmt":"2026-03-23T09:35:22","slug":"imagegallery-gallery","status":"publish","type":"page","link":"https:\/\/www.camping-lesbergesdudoux.com\/?page_id=77","title":{"rendered":"Galerie Photos"},"content":{"rendered":"<div class=\"wpb-content-wrapper\">[vc_row][vc_column][vc_column_text]\n<h3 style=\"text-align: center;\"><em>Camping Les Berges du doux<\/em><\/h3>\n<p style=\"text-align: center;\"><em>Petit camping familial en pleine nature, Ard\u00e8che verte, bord de rivi\u00e8re et piscine chauff\u00e9e.<\/em><\/p>\n<p style=\"text-align: center;\"><em>Proche du village de caract\u00e8re \u00ab\u00a0Boucieu-le-roi\u00a0\u00bb et du v\u00e9lorail.<\/em><\/p>\n<p style=\"text-align: center;\"><span style=\"color: #33cccc;\"><em>Small family campsite surrounded by nature, green Ard\u00e8che, riverside and heated swimming pool.<\/em><\/span><\/p>\n<p style=\"text-align: center;\"><span style=\"color: #33cccc;\"><em>Close to the traditional village \u00ab\u00a0Boucieu-le-roi\u00a0\u00bb and the bikerail.<\/em><\/span><\/p>\n<p>&nbsp;[\/vc_column_text][\/vc_column][\/vc_row][vc_row][vc_column][vc_gallery type=\u00a0\u00bbimage_grid\u00a0\u00bb images=\u00a0\u00bb4261,4260,4215,4274,4291,4287,3989,3885,4316&Prime; css=\u00a0\u00bb\u00a0\u00bb][\/vc_column][\/vc_row][vc_row][vc_column][vc_gallery type=\u00a0\u00bbimage_grid\u00a0\u00bb images=\u00a0\u00bb4362,4357,4354,4336,4326,4320&Prime;][\/vc_column][\/vc_row]\n<\/div>","protected":false},"excerpt":{"rendered":"<p>[vc_row][vc_column][vc_column_text] Camping Les Berges du doux Petit camping familial en pleine nature, Ard\u00e8che verte, bord de rivi\u00e8re et piscine chauff\u00e9e. Proche du village de caract\u00e8re \u00ab\u00a0Boucieu-le-roi\u00a0\u00bb et du v\u00e9lorail. Small family campsite surrounded by nature, green Ard\u00e8che, riverside and heated swimming pool. Close to the traditional village \u00ab\u00a0Boucieu-le-roi\u00a0\u00bb and the bikerail. &nbsp;[\/vc_column_text][\/vc_column][\/vc_row][vc_row][vc_column][vc_gallery type=\u00a0\u00bbimage_grid\u00a0\u00bb images=\u00a0\u00bb4261,4260,4215,4274,4291,4287,3989,3885,4316&Prime; css=\u00a0\u00bb\u00a0\u00bb][\/vc_column][\/vc_row][vc_row][vc_column][vc_gallery [&hellip;]<\/p>\n","protected":false},"author":1,"featured_media":0,"parent":0,"menu_order":0,"comment_status":"closed","ping_status":"closed","template":"page-imagegallery.php","meta":{"spay_email":"","footnotes":""},"class_list":["post-77","page","type-page","status-publish","hentry"],"yoast_head":"<!-- This site is optimized with the Yoast SEO plugin v27.1.1 - https:\/\/yoast.com\/product\/yoast-seo-wordpress\/ -->\n<title>Galerie Photos images camping les Berges du doux<\/title>\n<meta name=\"description\" content=\"Camping Les Berges du doux Petit camping familial en pleine nature, Ard\u00e8che verte, bord de rivi\u00e8re et piscine chauff\u00e9e. Proche du village de caract\u00e8re images camping les Berges du doux, pleine nature, Ard\u00e8che, bord de rivi\u00e8re et piscine chauff\u00e9e , proche Boucieu le roi et v\u00e9lorail.\" \/>\n<meta name=\"robots\" content=\"index, follow, max-snippet:-1, max-image-preview:large, max-video-preview:-1\" \/>\n<link rel=\"canonical\" href=\"https:\/\/www.camping-lesbergesdudoux.com\/?page_id=77\" \/>\n<meta property=\"og:locale\" content=\"fr_FR\" \/>\n<meta property=\"og:type\" content=\"article\" \/>\n<meta property=\"og:title\" content=\"Galerie Photos images camping les Berges du doux\" \/>\n<meta property=\"og:description\" content=\"Camping Les Berges du doux Petit camping familial en pleine nature, Ard\u00e8che verte, bord de rivi\u00e8re et piscine chauff\u00e9e. Proche du village de caract\u00e8re images camping les Berges du doux, pleine nature, Ard\u00e8che, bord de rivi\u00e8re et piscine chauff\u00e9e , proche Boucieu le roi et v\u00e9lorail.\" \/>\n<meta property=\"og:url\" content=\"https:\/\/www.camping-lesbergesdudoux.com\/?page_id=77\" \/>\n<meta property=\"og:site_name\" content=\"Camping Les Berges Du Doux 3* avec piscine dans la vall\u00e9e du doux\" \/>\n<meta property=\"article:publisher\" content=\"https:\/\/www.facebook.com\/camping.lesbergesdudoux\/\" \/>\n<meta property=\"article:modified_time\" content=\"2026-03-23T09:35:22+00:00\" \/>\n<meta property=\"og:image\" content=\"http:\/\/camping-lesbergesdudoux.com\/wp-content\/uploads\/2015\/03\/piscine-800x504.jpg\" \/>\n<meta name=\"twitter:card\" content=\"summary_large_image\" \/>\n<meta name=\"twitter:label1\" content=\"Est. reading time\" \/>\n\t<meta name=\"twitter:data1\" content=\"3 minutes\" \/>\n<script type=\"application\/ld+json\" class=\"yoast-schema-graph\">{\"@context\":\"https:\/\/schema.org\",\"@graph\":[{\"@type\":\"WebPage\",\"@id\":\"https:\/\/www.camping-lesbergesdudoux.com\/?page_id=77\",\"url\":\"https:\/\/www.camping-lesbergesdudoux.com\/?page_id=77\",\"name\":\"Galerie Photos images camping les Berges du doux\",\"isPartOf\":{\"@id\":\"https:\/\/www.camping-lesbergesdudoux.com\/#website\"},\"datePublished\":\"2026-03-23T08:43:03+00:00\",\"dateModified\":\"2026-03-23T09:35:22+00:00\",\"description\":\"Camping Les Berges du doux Petit camping familial en pleine nature, Ard\u00e8che verte, bord de rivi\u00e8re et piscine chauff\u00e9e. Proche du village de caract\u00e8re images camping les Berges du doux, pleine nature, Ard\u00e8che, bord de rivi\u00e8re et piscine chauff\u00e9e , proche Boucieu le roi et v\u00e9lorail.\",\"breadcrumb\":{\"@id\":\"https:\/\/www.camping-lesbergesdudoux.com\/?page_id=77#breadcrumb\"},\"inLanguage\":\"fr-FR\",\"potentialAction\":[{\"@type\":\"ReadAction\",\"target\":[\"https:\/\/www.camping-lesbergesdudoux.com\/?page_id=77\"]}]},{\"@type\":\"BreadcrumbList\",\"@id\":\"https:\/\/www.camping-lesbergesdudoux.com\/?page_id=77#breadcrumb\",\"itemListElement\":[{\"@type\":\"ListItem\",\"position\":1,\"name\":\"Accueil\",\"item\":\"https:\/\/www.camping-lesbergesdudoux.com\/\"},{\"@type\":\"ListItem\",\"position\":2,\"name\":\"Galerie Photos\"}]},{\"@type\":\"WebSite\",\"@id\":\"https:\/\/www.camping-lesbergesdudoux.com\/#website\",\"url\":\"https:\/\/www.camping-lesbergesdudoux.com\/\",\"name\":\"Camping Les Berges Du Doux 3* avec piscine dans la vall\u00e9e du doux\",\"description\":\"Camping 3* avec piscine chauff\u00e9e en Ard\u00e8che verte, nord Ard\u00e8che, le long de la rivi\u00e8re le Doux\",\"potentialAction\":[{\"@type\":\"SearchAction\",\"target\":{\"@type\":\"EntryPoint\",\"urlTemplate\":\"https:\/\/www.camping-lesbergesdudoux.com\/?s={search_term_string}\"},\"query-input\":{\"@type\":\"PropertyValueSpecification\",\"valueRequired\":true,\"valueName\":\"search_term_string\"}}],\"inLanguage\":\"fr-FR\"}]}<\/script>\n<!-- \/ Yoast SEO plugin. -->","yoast_head_json":{"title":"Galerie Photos images camping les Berges du doux","description":"Camping Les Berges du doux Petit camping familial en pleine nature, Ard\u00e8che verte, bord de rivi\u00e8re et piscine chauff\u00e9e. Proche du village de caract\u00e8re images camping les Berges du doux, pleine nature, Ard\u00e8che, bord de rivi\u00e8re et piscine chauff\u00e9e , proche Boucieu le roi et v\u00e9lorail.","robots":{"index":"index","follow":"follow","max-snippet":"max-snippet:-1","max-image-preview":"max-image-preview:large","max-video-preview":"max-video-preview:-1"},"canonical":"https:\/\/www.camping-lesbergesdudoux.com\/?page_id=77","og_locale":"fr_FR","og_type":"article","og_title":"Galerie Photos images camping les Berges du doux","og_description":"Camping Les Berges du doux Petit camping familial en pleine nature, Ard\u00e8che verte, bord de rivi\u00e8re et piscine chauff\u00e9e. Proche du village de caract\u00e8re images camping les Berges du doux, pleine nature, Ard\u00e8che, bord de rivi\u00e8re et piscine chauff\u00e9e , proche Boucieu le roi et v\u00e9lorail.","og_url":"https:\/\/www.camping-lesbergesdudoux.com\/?page_id=77","og_site_name":"Camping Les Berges Du Doux 3* avec piscine dans la vall\u00e9e du doux","article_publisher":"https:\/\/www.facebook.com\/camping.lesbergesdudoux\/","article_modified_time":"2026-03-23T09:35:22+00:00","og_image":[{"url":"http:\/\/camping-lesbergesdudoux.com\/wp-content\/uploads\/2015\/03\/piscine-800x504.jpg","type":"","width":"","height":""}],"twitter_card":"summary_large_image","twitter_misc":{"Est. reading time":"3 minutes"},"schema":{"@context":"https:\/\/schema.org","@graph":[{"@type":"WebPage","@id":"https:\/\/www.camping-lesbergesdudoux.com\/?page_id=77","url":"https:\/\/www.camping-lesbergesdudoux.com\/?page_id=77","name":"Galerie Photos images camping les Berges du doux","isPartOf":{"@id":"https:\/\/www.camping-lesbergesdudoux.com\/#website"},"datePublished":"2026-03-23T08:43:03+00:00","dateModified":"2026-03-23T09:35:22+00:00","description":"Camping Les Berges du doux Petit camping familial en pleine nature, Ard\u00e8che verte, bord de rivi\u00e8re et piscine chauff\u00e9e. Proche du village de caract\u00e8re images camping les Berges du doux, pleine nature, Ard\u00e8che, bord de rivi\u00e8re et piscine chauff\u00e9e , proche Boucieu le roi et v\u00e9lorail.","breadcrumb":{"@id":"https:\/\/www.camping-lesbergesdudoux.com\/?page_id=77#breadcrumb"},"inLanguage":"fr-FR","potentialAction":[{"@type":"ReadAction","target":["https:\/\/www.camping-lesbergesdudoux.com\/?page_id=77"]}]},{"@type":"BreadcrumbList","@id":"https:\/\/www.camping-lesbergesdudoux.com\/?page_id=77#breadcrumb","itemListElement":[{"@type":"ListItem","position":1,"name":"Accueil","item":"https:\/\/www.camping-lesbergesdudoux.com\/"},{"@type":"ListItem","position":2,"name":"Galerie Photos"}]},{"@type":"WebSite","@id":"https:\/\/www.camping-lesbergesdudoux.com\/#website","url":"https:\/\/www.camping-lesbergesdudoux.com\/","name":"Camping Les Berges Du Doux 3* avec piscine dans la vall\u00e9e du doux","description":"Camping 3* avec piscine chauff\u00e9e en Ard\u00e8che verte, nord Ard\u00e8che, le long de la rivi\u00e8re le Doux","potentialAction":[{"@type":"SearchAction","target":{"@type":"EntryPoint","urlTemplate":"https:\/\/www.camping-lesbergesdudoux.com\/?s={search_term_string}"},"query-input":{"@type":"PropertyValueSpecification","valueRequired":true,"valueName":"search_term_string"}}],"inLanguage":"fr-FR"}]}},"_links":{"self":[{"href":"https:\/\/www.camping-lesbergesdudoux.com\/index.php?rest_route=\/wp\/v2\/pages\/77","targetHints":{"allow":["GET"]}}],"collection":[{"href":"https:\/\/www.camping-lesbergesdudoux.com\/index.php?rest_route=\/wp\/v2\/pages"}],"about":[{"href":"https:\/\/www.camping-lesbergesdudoux.com\/index.php?rest_route=\/wp\/v2\/types\/page"}],"author":[{"embeddable":true,"href":"https:\/\/www.camping-lesbergesdudoux.com\/index.php?rest_route=\/wp\/v2\/users\/1"}],"replies":[{"embeddable":true,"href":"https:\/\/www.camping-lesbergesdudoux.com\/index.php?rest_route=%2Fwp%2Fv2%2Fcomments&post=77"}],"version-history":[{"count":0,"href":"https:\/\/www.camping-lesbergesdudoux.com\/index.php?rest_route=\/wp\/v2\/pages\/77\/revisions"}],"wp:attachment":[{"href":"https:\/\/www.camping-lesbergesdudoux.com\/index.php?rest_route=%2Fwp%2Fv2%2Fmedia&parent=77"}],"curies":[{"name":"wp","href":"https:\/\/api.w.org\/{rel}","templated":true}]}}